{"id":14,"date":"2020-10-11T17:45:22","date_gmt":"2020-10-11T15:45:22","guid":{"rendered":"http:\/\/twobooks.de\/?page_id=14"},"modified":"2020-10-26T15:48:55","modified_gmt":"2020-10-26T14:48:55","slug":"buecher","status":"publish","type":"page","link":"https:\/\/twobooks.de\/","title":{"rendered":"buecher"},"content":{"rendered":"<p>[et_pb_section fb_built=&#8220;1&#8243; next_background_color=&#8220;#f7f7f7&#8243; admin_label=&#8220;Hero Section&#8220; _builder_version=&#8220;4.6.5&#8243; background_image=&#8220;http:\/\/twobooks.de\/wp-content\/uploads\/2020\/10\/duene.jpg.jpg&#8220; background_position=&#8220;center_right&#8220; custom_padding=&#8220;5%||16%|||&#8220; bottom_divider_style=&#8220;slant&#8220; bottom_divider_height=&#8220;60px&#8220; background_color_gradient_direction__hover=&#8220;180deg&#8220; background_color_gradient_direction__hover_enabled=&#8220;180deg&#8220; background_color_gradient_start_position__hover=&#8220;0%&#8220; background_color_gradient_start_position__hover_enabled=&#8220;0%&#8220; background_color_gradient_end_position__hover=&#8220;100%&#8220; background_color_gradient_end_position__hover_enabled=&#8220;100%&#8220;][et_pb_row column_structure=&#8220;1_2,1_2&#8243; _builder_version=&#8220;3.25&#8243;][et_pb_column type=&#8220;1_2&#8243; _builder_version=&#8220;3.25&#8243; custom_padding=&#8220;|||&#8220; custom_padding__hover=&#8220;|||&#8220;][et_pb_image src=&#8220;http:\/\/twobooks.de\/wp-content\/uploads\/2020\/10\/henno-deutsch-400-692.jpg&#8220; alt=&#8220;Cover des Buches Wenn es Krieg gibt, gehen wir in die W\u00fcste&#8220; title_text=&#8220;henno-deutsch-400-692&#8243; _builder_version=&#8220;4.6.5&#8243; _module_preset=&#8220;default&#8220;][\/et_pb_image][\/et_pb_column][et_pb_column type=&#8220;1_2&#8243; _builder_version=&#8220;3.25&#8243; custom_padding=&#8220;|||&#8220; custom_padding__hover=&#8220;|||&#8220;][et_pb_text _builder_version=&#8220;4.6.5&#8243; _module_preset=&#8220;default&#8220; background_color=&#8220;rgba(255,255,255,0.67)&#8220; custom_padding=&#8220;10px|10px|10px|10px|false|false&#8220;]<\/p>\n<p><strong>Am 8. September 1935 kommen zwei junge M\u00e4nner, frischgebackene Doktoren der Geologie, an der K\u00fcste von S\u00fcdwest-Afrika an.<\/strong> Sie haben Nazideutschland verlassen, beginnen geologische Forschungen im Naukluftgebirge und erkunden Wasser\u00advorkommen f\u00fcr die Farmer des Landes. Der Zweite Weltkrieg holt sie ein, aus Furcht vor der drohenden Internierung als \u00bbfeindliche Ausl\u00e4nder\u00ab \u2013 ein Treppenwitz der Geschichte \u2013 fliehen Henno Martin und Hermann Korn in die W\u00fcste, k\u00e4mpfen dort mehr als zwei Jahre um das nackte physische \u00dcberleben, Hunger und Durst qu\u00e4len sie, ihre wechselnden Unterk\u00fcnfte, provisorisch, primitiv, bilden den Aus\u00adgangs\u00ad\u00ad\u00ad\u00adpunkt f\u00fcr wechselndes Jagdgl\u00fcck auf der Suche nach Nahrung und Wasser. Sie leben (fast) wie die Menschen der Urzeit, bewundern die karge Sch\u00f6nheit der W\u00fcste, deren extreme Spannung von Tod und Leben sie zu neuen Einsichten \u00fcber das Werden und Vergehen von Natur und Menschheit f\u00fchrt. Eine existenz\u00ad\u00adbedro\u00adhen\u00adde Vitamin\u00admangelerkrankung von Hermann Korn zwingt zum Abbruch des \u00bbAbenteuers in der W\u00fcste\u00ab, f\u00fcr kurze Zeit schlie\u00dfen sich Gef\u00e4ngnistore hinter Henno und Hermann.<\/p>\n<p style=\"text-align: center;\">* * *<\/p>\n<p><em>\u00bb\u2026 wir, mein Freund Korn und ich, waren der Meinung, dies sei nicht unser Krieg. Wir hatten ihn lange vorher herankommen sehen und hatten aus diesem Grunde Europa verlassen \u2026 Und dann war da pl\u00f6tzlich ein Gedanke, den einer von uns fr\u00fcher einmal im Scherz ge\u00e4u\u00dfert hatte: Wenn es Krieg gibt, gehen wir in die W\u00fcste!\u00ab \u2013\u00a0<\/em><strong>Henno Martin<\/strong><\/p>\n<p style=\"text-align: center;\">* * *<\/p>\n<p>\u00bbEs ist ein spannendes Abenteuerbuch, aber auch ein nachdenklich stimmender Exkurs \u00fcber die Bedingungen des Lebens in Extremsituationen, in denen man heute verdursten und morgen ertrinken kann.<br \/> &#8230; Das kommt so en passant daher, teils witzig, teils nachdenklich, humorvoll und schlicht erz\u00e4hlt, und immer im besten Sinne des Wortes unterhaltend. Verst\u00e4ndlich, da\u00df \u203ader Henno Martin\u2039 eine Art Kultbuch der Namibier geworden ist.\u00ab \u2013 <strong>DIE ZEIT<\/strong><\/p>\n<p>[\/et_pb_text][\/et_pb_column][\/et_pb_row][\/et_pb_section][et_pb_section fb_built=&#8220;1&#8243; admin_label=&#8220;About Section&#8220; _builder_version=&#8220;3.22&#8243; background_color=&#8220;#f7f7f7&#8243; custom_padding=&#8220;5px||90px|||&#8220;][et_pb_row column_structure=&#8220;1_3,1_3,1_3&#8243; _builder_version=&#8220;4.6.5&#8243; _module_preset=&#8220;default&#8220;][et_pb_column type=&#8220;1_3&#8243; _builder_version=&#8220;4.6.5&#8243; _module_preset=&#8220;default&#8220;][et_pb_text _builder_version=&#8220;4.6.5&#8243; _module_preset=&#8220;default&#8220;]<\/p>\n<h1>Wenn es Krieg gibt, gehen wir in die W\u00fcste<\/h1>\n<h3>Henno Martin<\/h3>\n<p><strong>ISBN 978-3-935453-02-8<\/strong><br \/> Paperback, Preis: 12,80\u20ac, 400 Seiten, 18 Bilder,<br \/> 2 Karten,<br \/> two BOOKS 2002.<\/p>\n<p><strong>ISBN 978-3-935453-00-4<\/strong><br \/> \u200bHardcover mit Lesezeichen, Preis: 25,50\u20ac, 362 Seiten, 18 Bilder, 2 Karten,<br \/> two BOOKS 1998<\/p>\n<p>[\/et_pb_text][\/et_pb_column][et_pb_column type=&#8220;1_3&#8243; _builder_version=&#8220;4.6.5&#8243; _module_preset=&#8220;default&#8220;][et_pb_image src=&#8220;http:\/\/twobooks.de\/wp-content\/uploads\/2020\/10\/henno-eng-400-692.jpg&#8220; alt=&#8220;The Sheltering Desert Buchcover&#8220; title_text=&#8220;henno-eng-400-692&#8243; _builder_version=&#8220;4.6.5&#8243; _module_preset=&#8220;default&#8220;][\/et_pb_image][\/et_pb_column][et_pb_column type=&#8220;1_3&#8243; _builder_version=&#8220;4.6.5&#8243; _module_preset=&#8220;default&#8220;][et_pb_text _builder_version=&#8220;4.6.5&#8243; _module_preset=&#8220;default&#8220;]<\/p>\n<h1>The Sheltering Desert<\/h1>\n<h3>Henno Martin<\/h3>\n<p><strong>ISBN 978-3-935453-03-5<\/strong><br \/> Paperback, Preis: 12,80\u20ac, 374 Seiten, 18 Bilder,<br \/> 2 Karten<br \/> two BOOKS 2002<br \/> <a href=\"http:\/\/the-sheltering-desert.com\/\">\u200bwww.the-sheltering-desert.com<\/a><\/p>\n<p>[\/et_pb_text][\/et_pb_column][\/et_pb_row][\/et_pb_section][et_pb_section fb_built=&#8220;1&#8243; prev_background_color=&#8220;#f7f7f7&#8243; next_background_color=&#8220;#ffffff&#8220; admin_label=&#8220;Hero Section&#8220; _builder_version=&#8220;4.6.5&#8243; background_color=&#8220;rgba(197,125,82,0.58)&#8220; background_enable_image=&#8220;off&#8220; background_position=&#8220;center_right&#8220; custom_padding=&#8220;10%||16%|&#8220; top_divider_style=&#8220;wave&#8220; bottom_divider_style=&#8220;wave&#8220; bottom_divider_height=&#8220;60px&#8220; background_color_gradient_direction__hover=&#8220;180deg&#8220; background_color_gradient_direction__hover_enabled=&#8220;180deg&#8220; background_color_gradient_start_position__hover=&#8220;0%&#8220; background_color_gradient_start_position__hover_enabled=&#8220;0%&#8220; background_color_gradient_end_position__hover=&#8220;100%&#8220; background_color_gradient_end_position__hover_enabled=&#8220;100%&#8220;][et_pb_row column_structure=&#8220;1_2,1_2&#8243; _builder_version=&#8220;3.25&#8243;][et_pb_column type=&#8220;1_2&#8243; _builder_version=&#8220;3.25&#8243; custom_padding=&#8220;|||&#8220; custom_padding__hover=&#8220;|||&#8220;][et_pb_image src=&#8220;http:\/\/twobooks.de\/wp-content\/uploads\/2020\/10\/busch-400-691.jpg&#8220; alt=&#8220;Cover des Buches Wenn es Krieg gibt, gehen wir in die W\u00fcste&#8220; title_text=&#8220;busch-400-691&#8243; _builder_version=&#8220;4.6.5&#8243; _module_preset=&#8220;default&#8220;][\/et_pb_image][\/et_pb_column][et_pb_column type=&#8220;1_2&#8243; _builder_version=&#8220;3.25&#8243; custom_padding=&#8220;|||&#8220; custom_padding__hover=&#8220;|||&#8220;][et_pb_text _builder_version=&#8220;4.6.5&#8243; _module_preset=&#8220;default&#8220; background_color=&#8220;rgba(255,255,255,0.65)&#8220; custom_padding=&#8220;10px|10px|10px|10px|true|true&#8220;]<\/p>\n<p>Ich fing an, die Qualita\u0308t der Tage nach Ko\u0308pfen zu beurteilen. Jede Chance, jede Mo\u0308glichkeit, jedes Aufsehen erregende Detail war ein Kopf. Jeden Tag wuchs dem Leben eine gewisse Zahl von Ko\u0308pfen, die man nutzen konnte, oder auch nicht. Ich versuchte einzuscha\u0308tzen, auf wie viele Ko\u0308pfe die Menschen kamen, denen ich begegnete, und weil es fast immer die gleichen waren, hatte ich ein Gefu\u0308hl dafu\u0308r entwickelt, mit dem ich vermutlich ziemlich richtig lag. Die nicht genutzten Ko\u0308pfe starben abends, wenn der Tag vorbei war, ab. Das war die Sterblichkeit der Medusa.<\/p>\n<p>&nbsp;<\/p>\n<h1>Lautlose Tage<\/h1>\n<h3>Stories<\/h3>\n<h3>Markus Busch<\/h3>\n<p><strong>ISBN 978-3-935453-04-2<\/strong><br \/>Paperback, Preis: 9,90\u20ac, 168 Seiten, two BOOKS 2010<\/p>\n<p>[\/et_pb_text][\/et_pb_column][\/et_pb_row][\/et_pb_section][et_pb_section fb_built=&#8220;1&#8243; admin_label=&#8220;Hero Section&#8220; _builder_version=&#8220;4.6.5&#8243; background_enable_color=&#8220;off&#8220; background_enable_image=&#8220;off&#8220; background_position=&#8220;center_right&#8220; custom_padding=&#8220;10%||16%|&#8220; bottom_divider_height=&#8220;60px&#8220; background_color_gradient_direction__hover=&#8220;180deg&#8220; background_color_gradient_direction__hover_enabled=&#8220;180deg&#8220; background_color_gradient_start_position__hover=&#8220;0%&#8220; background_color_gradient_start_position__hover_enabled=&#8220;0%&#8220; background_color_gradient_end_position__hover=&#8220;100%&#8220; background_color_gradient_end_position__hover_enabled=&#8220;100%&#8220;][et_pb_row column_structure=&#8220;1_2,1_2&#8243; _builder_version=&#8220;3.25&#8243;][et_pb_column type=&#8220;1_2&#8243; _builder_version=&#8220;3.25&#8243; custom_padding=&#8220;|||&#8220; custom_padding__hover=&#8220;|||&#8220;][et_pb_image src=&#8220;http:\/\/twobooks.de\/wp-content\/uploads\/2020\/10\/pospiech_400px.jpg&#8220; alt=&#8220;Cover des Buches Wenn es Krieg gibt, gehen wir in die W\u00fcste&#8220; title_text=&#8220;pospiech_400px&#8220; _builder_version=&#8220;4.6.5&#8243; _module_preset=&#8220;default&#8220;][\/et_pb_image][\/et_pb_column][et_pb_column type=&#8220;1_2&#8243; _builder_version=&#8220;3.25&#8243; custom_padding=&#8220;|||&#8220; custom_padding__hover=&#8220;|||&#8220;][et_pb_text _builder_version=&#8220;4.6.5&#8243; _module_preset=&#8220;default&#8220;]<\/p>\n<p>\u00bbSpillmann hatte immer gedacht, dass die ganze Welt verr\u00fcckt wurde, wenn man selbst verr\u00fcckt wurde. Aber nicht, dass man halbe Menschen sah und der Rest der Welt einfach so blieb wie vorher.\u00ab<\/p>\n<p style=\"text-align: center;\"><strong>* * *<\/strong><\/p>\n<p>\u00bbDem Autor ist es gelungen, Tod und Leben auf raffinierte Art miteinander zu verweben. Mit reichlich Gothic-Novel-Kolorit, einf\u00fchlsam, atmosph\u00e4risch dicht und durchaus auch komisch erz\u00e4hlt er Geschichten aus dem Alltag. Die fiktive Realit\u00e4t flimmert, das Erwartete geschieht nicht, der Leser ist verst\u00f6rt.\u00ab <strong>(Laudatio zum Hamburger Literaturf\u00f6rderpreis)<\/strong><\/p>\n<p>&nbsp;<\/p>\n<h1>Halber Mensch<\/h1>\n<h3>Erz\u00e4hlungen<\/h3>\n<h3>Hartmut Pospiech<\/h3>\n<p><strong>ISBN 978-3-935453-05-9<\/strong><br \/> \u200bPaperback, Preis: 14,80\u20ac, 272 Seiten, two BOOKS 2013.<\/p>\n<p>[\/et_pb_text][\/et_pb_column][\/et_pb_row][\/et_pb_section][et_pb_section fb_built=&#8220;1&#8243; admin_label=&#8220;Hero Section&#8220; _builder_version=&#8220;4.6.5&#8243; background_enable_color=&#8220;off&#8220; background_enable_image=&#8220;off&#8220; background_position=&#8220;center_right&#8220; custom_padding=&#8220;10%||16%|&#8220; bottom_divider_height=&#8220;60px&#8220; background_color_gradient_direction__hover=&#8220;180deg&#8220; background_color_gradient_direction__hover_enabled=&#8220;180deg&#8220; background_color_gradient_start_position__hover=&#8220;0%&#8220; background_color_gradient_start_position__hover_enabled=&#8220;0%&#8220; background_color_gradient_end_position__hover=&#8220;100%&#8220; background_color_gradient_end_position__hover_enabled=&#8220;100%&#8220;][et_pb_row column_structure=&#8220;1_2,1_2&#8243; _builder_version=&#8220;3.25&#8243;][et_pb_column type=&#8220;1_2&#8243; _builder_version=&#8220;3.25&#8243; custom_padding=&#8220;|||&#8220; custom_padding__hover=&#8220;|||&#8220;][et_pb_image src=&#8220;http:\/\/twobooks.de\/wp-content\/uploads\/2020\/10\/melville-400-692.jpg&#8220; alt=&#8220;Cover des Buches Wenn es Krieg gibt, gehen wir in die W\u00fcste&#8220; title_text=&#8220;melville-400-692&#8243; _builder_version=&#8220;4.6.5&#8243; _module_preset=&#8220;default&#8220;][\/et_pb_image][\/et_pb_column][et_pb_column type=&#8220;1_2&#8243; _builder_version=&#8220;3.25&#8243; custom_padding=&#8220;|||&#8220; custom_padding__hover=&#8220;|||&#8220;][et_pb_text _builder_version=&#8220;4.6.5&#8243; _module_preset=&#8220;default&#8220; hover_enabled=&#8220;0&#8243; sticky_enabled=&#8220;0&#8243;]<\/p>\n<h1>Taipi<\/h1>\n<h3>Herman Melville, illustriert von Bernd Zimmer<\/h3>\n<p><strong>ISBN 978-3-935453-01-1<\/strong><br \/> \u200bHardcover mit Lesezeichen, Preis: 24,90\u20ac, 352 Seiten, 12 Farbtafeln, 2 Karten, two BOOKS 1999.<\/p>\n<p>&nbsp;<\/p>\n<p>&nbsp;<\/p>\n<p>\u00bbSein Buch ist in immer neuen Auflagen von Tausenden, Jungen und Alten, mit Entzu\u0308cken gelesen worden, es sind die Empfindungen und Erlebnisse eines 23ja\u0308hrigen Trotzkopfes, der inmitten seiner Gefangenschaft die Freiheit der reichen Tropennatur unter den polynesischen Genu\u00dfmenschen mit vollen Zu\u0308gen auskostete &#8211; ich werde mich hu\u0308ten zu zerpflu\u0308cken, was hier Wahrheit und Dichtung sein mag!\u00ab<br \/><strong>Karl von den Steinen<\/strong><\/p>\n<p>[\/et_pb_text][\/et_pb_column][\/et_pb_row][\/et_pb_section]<\/p>\n","protected":false},"excerpt":{"rendered":"<p>[et_pb_section fb_built=&#8220;1&#8243; next_background_color=&#8220;#f7f7f7&#8243; admin_label=&#8220;Hero Section&#8220; _builder_version=&#8220;4.6.5&#8243; background_image=&#8220;http:\/\/twobooks.de\/wp-content\/uploads\/2020\/10\/duene.jpg.jpg&#8220; background_position=&#8220;center_right&#8220; custom_padding=&#8220;5%||16%|||&#8220; bottom_divider_style=&#8220;slant&#8220; bottom_divider_height=&#8220;60px&#8220; background_color_gradient_direction__hover=&#8220;180deg&#8220; background_color_gradient_direction__hover_enabled=&#8220;180deg&#8220; background_color_gradient_start_position__hover=&#8220;0%&#8220; background_color_gradient_start_position__hover_enabled=&#8220;0%&#8220; background_color_gradient_end_position__hover=&#8220;100%&#8220; background_color_gradient_end_position__hover_enabled=&#8220;100%&#8220;][et_pb_row column_structure=&#8220;1_2,1_2&#8243; _builder_version=&#8220;3.25&#8243;][et_pb_column type=&#8220;1_2&#8243; _builder_version=&#8220;3.25&#8243; custom_padding=&#8220;|||&#8220; custom_padding__hover=&#8220;|||&#8220;][et_pb_image src=&#8220;http:\/\/twobooks.de\/wp-content\/uploads\/2020\/10\/henno-deutsch-400-692.jpg&#8220; alt=&#8220;Cover des Buches Wenn es Krieg gibt, gehen wir in die W\u00fcste&#8220; title_text=&#8220;henno-deutsch-400-692&#8243; _builder_version=&#8220;4.6.5&#8243; _module_preset=&#8220;default&#8220;][\/et_pb_image][\/et_pb_column][et_pb_column type=&#8220;1_2&#8243; _builder_version=&#8220;3.25&#8243; custom_padding=&#8220;|||&#8220; custom_padding__hover=&#8220;|||&#8220;][et_pb_text _builder_version=&#8220;4.6.5&#8243; _module_preset=&#8220;default&#8220; background_color=&#8220;rgba(255,255,255,0.67)&#8220; custom_padding=&#8220;10px|10px|10px|10px|false|false&#8220;] Am 8. September 1935 kommen zwei junge M\u00e4nner, [&hellip;]<\/p>\n","protected":false},"author":1,"featured_media":0,"parent":0,"menu_order":0,"comment_status":"closed","ping_status":"closed","template":"","meta":{"_et_pb_use_builder":"on","_et_pb_old_content":"","_et_gb_content_width":""},"_links":{"self":[{"href":"https:\/\/twobooks.de\/index.php?rest_route=\/wp\/v2\/pages\/14"}],"collection":[{"href":"https:\/\/twobooks.de\/index.php?rest_route=\/wp\/v2\/pages"}],"about":[{"href":"https:\/\/twobooks.de\/index.php?rest_route=\/wp\/v2\/types\/page"}],"author":[{"embeddable":true,"href":"https:\/\/twobooks.de\/index.php?rest_route=\/wp\/v2\/users\/1"}],"replies":[{"embeddable":true,"href":"https:\/\/twobooks.de\/index.php?rest_route=%2Fwp%2Fv2%2Fcomments&post=14"}],"version-history":[{"count":15,"href":"https:\/\/twobooks.de\/index.php?rest_route=\/wp\/v2\/pages\/14\/revisions"}],"predecessor-version":[{"id":92,"href":"https:\/\/twobooks.de\/index.php?rest_route=\/wp\/v2\/pages\/14\/revisions\/92"}],"wp:attachment":[{"href":"https:\/\/twobooks.de\/index.php?rest_route=%2Fwp%2Fv2%2Fmedia&parent=14"}],"curies":[{"name":"wp","href":"https:\/\/api.w.org\/{rel}","templated":true}]}}