{"id":74,"date":"2020-10-15T15:56:19","date_gmt":"2020-10-15T13:56:19","guid":{"rendered":"http:\/\/twobooks.de\/?page_id=74"},"modified":"2020-10-15T15:56:19","modified_gmt":"2020-10-15T13:56:19","slug":"verlag","status":"publish","type":"page","link":"http:\/\/twobooks.de\/?page_id=74","title":{"rendered":"Verlag"},"content":{"rendered":"<p>[et_pb_section fb_built=&#8220;1&#8243; _builder_version=&#8220;4.6.5&#8243; _module_preset=&#8220;default&#8220;][et_pb_row _builder_version=&#8220;4.6.5&#8243; _module_preset=&#8220;default&#8220;][et_pb_column _builder_version=&#8220;4.6.5&#8243; _module_preset=&#8220;default&#8220; type=&#8220;4_4&#8243;][et_pb_text _builder_version=&#8220;4.6.5&#8243; _module_preset=&#8220;default&#8220; hover_enabled=&#8220;0&#8243; sticky_enabled=&#8220;0&#8243;]<\/p>\n<p><span>Die Idee zur Verlagsgr\u00fcndung entstand 1998 aus der Notwendigkeit, eine der wenigen wahrhaft \u00bbsch\u00f6nen\u00ab, erf\u00fcllenden, die Seele s\u00e4ttigenden Besch\u00e4ftigungen \u2013 das Lesen \u2013 zu einem Broterwerb werden zu lassen, also aus Hunger. Aus dem profanen Hunger nach einer warmen Mahlzeit, aber auch aus dem unstillbaren Hunger nach der Zeile, dem Satz, dem Buch, welches ungeschrieben im Meer der Gedanken und Verse zum Licht, zur Oberfl\u00e4che, zum Papier strebt \u2013 beziehungsweise zum Verleger. Satt im Sinne von warmem Essen im Bauch werden wir mittlerweile, aber das eine Buch, den einen Autor\u2026 den suchen wir immer. \u00dcberall. Und eigentlich jetzt erst recht. Unsere Autorenliste nimmt sich bislang zu bescheiden aus, um ein Verlagsprogramm oder gar Verlagsprofil zu skizzieren, indes betrachten wir 2010 als das Jahr, in welchem ein erkennbares Programm Gestalt annehmen soll. Aufbauend auf dem unvergleichlichen \u00dcberlebensbericht, Abenteuerbuch und Zeitzeugnis von Henno Martin, \u00bbWenn es Krieg gibt, gehen wir in die W\u00fcste\u00ab, in dem der Autor seine zweieinhalbj\u00e4hrige Flucht durch die W\u00fcste Deutsch-S\u00fcdwest Afrikas zur Zeit des Zweiten Weltkrieges schildert, soll eine Reihe enstehen, die Reiseliteratur, Geschichtliches, Wahrhaftiges und Erfundenes, neu Geschaffenes und Wiederentdecktes zusammenf\u00fchrt. Deren Bandbreite und das andere Ende der Skala k\u00f6nnte Melvilles \u00bbTaipi\u00ab darstellen, welches in der originalen Fassung von 1843, neu illustriert von einem der \u00bbNeuen Wilden\u00ab, Bernd Zimmer, die Geschichte eines Walf\u00e4ngers und seines Gefangenenschicksals unter \u00bbalten Wilden\u00ab w\u00e4hrend vierer Monate auf einer S\u00fcdseeinsel schildert. Markus Busch l\u00e4utet mit seinen \u00bbLautlosen Tagen\u00ab die Gegenwart ein. Seine Kurzgeschichten, in der die Absonderlichkeit zur Normalit\u00e4t wird, die Ausweglosigkeit zu Entscheidungen f\u00fchrt und die unausgesprochene Banalit\u00e4t zur allgegenw\u00e4rtigen Realit\u00e4t verschwimmt, m\u00f6gen ein Fingerzeig daf\u00fcr sein, welche Autoren sich bei two BOOKS aufgehoben f\u00fchlen k\u00f6nnen.<\/span><\/p>\n<p>[\/et_pb_text][\/et_pb_column][\/et_pb_row][\/et_pb_section]<\/p>\n","protected":false},"excerpt":{"rendered":"<p>[et_pb_section fb_built=&#8220;1&#8243; _builder_version=&#8220;4.6.5&#8243; _module_preset=&#8220;default&#8220;][et_pb_row _builder_version=&#8220;4.6.5&#8243; _module_preset=&#8220;default&#8220;][et_pb_column _builder_version=&#8220;4.6.5&#8243; _module_preset=&#8220;default&#8220; type=&#8220;4_4&#8243;][et_pb_text _builder_version=&#8220;4.6.5&#8243; _module_preset=&#8220;default&#8220; hover_enabled=&#8220;0&#8243; sticky_enabled=&#8220;0&#8243;] Die Idee zur Verlagsgr\u00fcndung entstand 1998 aus der Notwendigkeit, eine der wenigen wahrhaft \u00bbsch\u00f6nen\u00ab, erf\u00fcllenden, die Seele s\u00e4ttigenden Besch\u00e4ftigungen \u2013 das Lesen \u2013 zu einem Broterwerb werden zu lassen, also aus Hunger. Aus dem profanen Hunger nach einer warmen Mahlzeit, aber auch [&hellip;]<\/p>\n","protected":false},"author":1,"featured_media":0,"parent":0,"menu_order":0,"comment_status":"closed","ping_status":"closed","template":"","meta":{"_et_pb_use_builder":"on","_et_pb_old_content":"","_et_gb_content_width":""},"_links":{"self":[{"href":"http:\/\/twobooks.de\/index.php?rest_route=\/wp\/v2\/pages\/74"}],"collection":[{"href":"http:\/\/twobooks.de\/index.php?rest_route=\/wp\/v2\/pages"}],"about":[{"href":"http:\/\/twobooks.de\/index.php?rest_route=\/wp\/v2\/types\/page"}],"author":[{"embeddable":true,"href":"http:\/\/twobooks.de\/index.php?rest_route=\/wp\/v2\/users\/1"}],"replies":[{"embeddable":true,"href":"http:\/\/twobooks.de\/index.php?rest_route=%2Fwp%2Fv2%2Fcomments&post=74"}],"version-history":[{"count":2,"href":"http:\/\/twobooks.de\/index.php?rest_route=\/wp\/v2\/pages\/74\/revisions"}],"predecessor-version":[{"id":76,"href":"http:\/\/twobooks.de\/index.php?rest_route=\/wp\/v2\/pages\/74\/revisions\/76"}],"wp:attachment":[{"href":"http:\/\/twobooks.de\/index.php?rest_route=%2Fwp%2Fv2%2Fmedia&parent=74"}],"curies":[{"name":"wp","href":"https:\/\/api.w.org\/{rel}","templated":true}]}}