{"id":64,"date":"2020-10-15T15:56:52","date_gmt":"2020-10-15T13:56:52","guid":{"rendered":"http:\/\/twobooks.de\/?page_id=64"},"modified":"2020-10-15T15:56:53","modified_gmt":"2020-10-15T13:56:53","slug":"impressum","status":"publish","type":"page","link":"http:\/\/twobooks.de\/?page_id=64","title":{"rendered":"Impressum"},"content":{"rendered":"\n[et_pb_section fb_built=&#8220;1&#8243; _builder_version=&#8220;4.6.5&#8243; _module_preset=&#8220;default&#8220;][et_pb_row _builder_version=&#8220;4.6.5&#8243; _module_preset=&#8220;default&#8220;][et_pb_column _builder_version=&#8220;4.6.5&#8243; _module_preset=&#8220;default&#8220; type=&#8220;4_4&#8243;][et_pb_text _builder_version=&#8220;4.6.5&#8243; _module_preset=&#8220;default&#8220; hover_enabled=&#8220;0&#8243; sticky_enabled=&#8220;0&#8243;]<h3>Impressum<\/h3>\n<p class=\"abstand\">Verantwortlicher i. S. d. Presserechts: Johannes Twardawa<\/p>\n<p class=\"abstand\">Two Books<br \/>Johannes Twardawa<br \/>Pilatuspool 11 A<br \/>20355 Hamburg \u00a0<\/p>\n<p class=\"abstand\">Steuernummer:\u00a048\/252\/00113 \u00a0 |\u00a0\u00a0EG USt.ID:\u00a0DE 252 560 3375<\/p>\n<p class=\"abstand\">Wir machen darauf aufmerksam, dass wir keinen Einflu\u00df auf die Inhalte externer Links haben und auch keine Verantwortung f\u00fcr fremde Inhalte \u00fcbernehmen. F\u00fcr Hinweise auf nicht mehr funktionierende Links sind wir dankbar<\/p>\n[\/et_pb_text][\/et_pb_column][\/et_pb_row][\/et_pb_section]\n","protected":false},"excerpt":{"rendered":"","protected":false},"author":1,"featured_media":0,"parent":0,"menu_order":0,"comment_status":"closed","ping_status":"closed","template":"","meta":{"_et_pb_use_builder":"on","_et_pb_old_content":"","_et_gb_content_width":""},"_links":{"self":[{"href":"http:\/\/twobooks.de\/index.php?rest_route=\/wp\/v2\/pages\/64"}],"collection":[{"href":"http:\/\/twobooks.de\/index.php?rest_route=\/wp\/v2\/pages"}],"about":[{"href":"http:\/\/twobooks.de\/index.php?rest_route=\/wp\/v2\/types\/page"}],"author":[{"embeddable":true,"href":"http:\/\/twobooks.de\/index.php?rest_route=\/wp\/v2\/users\/1"}],"replies":[{"embeddable":true,"href":"http:\/\/twobooks.de\/index.php?rest_route=%2Fwp%2Fv2%2Fcomments&post=64"}],"version-history":[{"count":3,"href":"http:\/\/twobooks.de\/index.php?rest_route=\/wp\/v2\/pages\/64\/revisions"}],"predecessor-version":[{"id":77,"href":"http:\/\/twobooks.de\/index.php?rest_route=\/wp\/v2\/pages\/64\/revisions\/77"}],"wp:attachment":[{"href":"http:\/\/twobooks.de\/index.php?rest_route=%2Fwp%2Fv2%2Fmedia&parent=64"}],"curies":[{"name":"wp","href":"https:\/\/api.w.org\/{rel}","templated":true}]}}